{"id":10195,"date":"2024-11-06T09:05:49","date_gmt":"2024-11-06T09:05:49","guid":{"rendered":"https:\/\/fqsbattery.com\/politica-cookies\/"},"modified":"2026-03-03T09:40:37","modified_gmt":"2026-03-03T09:40:37","slug":"politica-cookies","status":"publish","type":"page","link":"https:\/\/fqsbattery.com\/fr\/politica-cookies\/","title":{"rendered":"Politique relative aux cookies"},"content":{"rendered":"\t\t<div data-elementor-type=\"wp-page\" data-elementor-id=\"10195\" class=\"elementor elementor-10195 elementor-4673\">\n\t\t\t\t<div class=\"elementor-element elementor-element-1888b603 e-flex e-con-boxed e-con e-parent\" data-id=\"1888b603\" data-element_type=\"container\" data-e-type=\"container\">\n\t\t\t\t\t<div class=\"e-con-inner\">\n\t\t\t\t<div class=\"elementor-element elementor-element-8061601 elementor-widget elementor-widget-text-editor\" data-id=\"8061601\" data-element_type=\"widget\" data-e-type=\"widget\" data-widget_type=\"text-editor.default\">\n\t\t\t\t<div class=\"elementor-widget-container\">\n\t\t\t\t\t\t\t\t\t<p style=\"text-align: justify;\">Sur le site web de FQS Battery (fqsbattery.com), nous utilisons des cookies pour optimiser votre exp\u00e9rience et personnaliser le contenu que nous proposons. Nous vous expliquons ci-dessous ce que sont les cookies, quels types de cookies nous utilisons et comment vous pouvez les g\u00e9rer. <\/p>\n<p style=\"text-align: justify;\"><strong>1. Que sont les cookies ?<\/strong><\/p>\n<p style=\"text-align: justify;\">Les cookies sont de petits fichiers texte stock\u00e9s sur votre appareil lorsque vous visitez une page web. Ces fichiers contiennent des informations permettant au site web de se souvenir de vos pr\u00e9f\u00e9rences ou de vos activit\u00e9s pr\u00e9c\u00e9dentes. Les cookies am\u00e9liorent l\u2019exp\u00e9rience de l\u2019utilisateur en facilitant la navigation et en personnalisant le contenu affich\u00e9.  <\/p>\n<p style=\"text-align: justify;\"><strong>2. Types de cookies que nous utilisons<\/strong><\/p>\n<p style=\"text-align: justify;\">Sur fqsbattery.com, nous utilisons les types de cookies suivants :<\/p>\n<ul style=\"text-align: justify;\">\n<li>\n<p><strong>Cookies techniques ou n\u00e9cessaires<\/strong> : Ces cookies sont essentiels au fonctionnement du site web et permettent l\u2019acc\u00e8s aux services de base, tels que la navigation dans les zones s\u00e9curis\u00e9es de la page. Sans eux, le site web ne peut pas fonctionner correctement. <\/p>\n<\/li>\n<li>\n<p><strong>Cookies de pr\u00e9f\u00e9rences ou de personnalisation<\/strong> : Ils permettent de m\u00e9moriser les pr\u00e9f\u00e9rences de navigation de l\u2019utilisateur, comme la langue ou la r\u00e9gion, afin d\u2019offrir une exp\u00e9rience personnalis\u00e9e lors de futures visites.<\/p>\n<\/li>\n<li>\n<p><strong>Cookies d\u2019analyse ou statistiques<\/strong> : Ces cookies recueillent des informations sur la mani\u00e8re dont les utilisateurs interagissent avec notre site, comme les pages visit\u00e9es ou le temps pass\u00e9. Ces informations nous aident \u00e0 am\u00e9liorer le contenu et la structure de notre page web. <\/p>\n<\/li>\n<li>\n<p><strong>Cookies de marketing ou de publicit\u00e9<\/strong> : Ils nous aident \u00e0 afficher des publicit\u00e9s pertinentes pour l\u2019utilisateur et \u00e0 mesurer l\u2019efficacit\u00e9 de nos campagnes de marketing. Toutefois, fqsbattery.com ne partage pas les informations collect\u00e9es via les cookies avec des tiers et n\u2019utilise pas les donn\u00e9es \u00e0 des fins de marketing sans le consentement pr\u00e9alable de l\u2019utilisateur. <\/p>\n<\/li>\n<\/ul>\n<p style=\"text-align: justify;\"><strong>3. Gestion et d\u00e9sactivation des cookies<\/strong><\/p>\n<p style=\"text-align: justify;\">Vous pouvez accepter ou refuser les cookies de notre site web via la banni\u00e8re de cookies qui appara\u00eet lors de l\u2019acc\u00e8s \u00e0 la page. De m\u00eame, vous pouvez configurer votre navigateur pour g\u00e9rer, d\u00e9sactiver ou supprimer les cookies \u00e0 tout moment. Voici comment proc\u00e9der sur les navigateurs les plus courants :  <\/p>\n<ul style=\"text-align: justify;\">\n<li><strong>Google Chrome<\/strong> : <a target=\"_new\" rel=\"noopener\">Configuration des cookies dans Chrome<\/a>.<\/li>\n<li><strong>Mozilla Firefox<\/strong> : <a href=\"https:\/\/support.mozilla.org\/es\/kb\/habilitar-y-deshabilitar-cookies-sitios-web-rastrear-preferencias\" target=\"_new\" rel=\"noopener\">Configuration des cookies dans Firefox<\/a>.<\/li>\n<li><strong>Microsoft Edge<\/strong> : <a href=\"https:\/\/support.microsoft.com\/es-es\/microsoft-edge\/borrar-y-administrar-cookies\" target=\"_new\" rel=\"noopener\">Configuration des cookies dans Edge<\/a>.<\/li>\n<li><strong>Safari<\/strong> : <a href=\"https:\/\/support.apple.com\/es-es\/guide\/safari\/sfri11471\/mac\" target=\"_new\" rel=\"noopener\">Configuration des cookies dans Safari<\/a>.<\/li>\n<\/ul>\n<p style=\"text-align: justify;\">Veuillez noter que si vous d\u00e9cidez de bloquer ou de d\u00e9sactiver certains cookies, il est possible que certaines fonctionnalit\u00e9s de notre site web ne soient pas disponibles ou ne fonctionnent pas correctement.<\/p>\n<p style=\"text-align: justify;\"><strong>4. Mise \u00e0 jour de la politique relative aux cookies<\/strong><\/p>\n<p style=\"text-align: justify;\">Nous pouvons mettre \u00e0 jour cette politique relative aux cookies \u00e0 tout moment en fonction des changements dans notre utilisation des cookies, de nos politiques internes ou de la r\u00e9glementation applicable. Tout changement sera publi\u00e9 sur cette m\u00eame page et sera notifi\u00e9 aux utilisateurs par un avis sur notre site web. <\/p>\n<p style=\"text-align: justify;\"><strong>5. Contact<\/strong><\/p>\n<p style=\"text-align: justify;\">Si vous avez des doutes ou des questions concernant notre politique relative aux cookies, vous pouvez nous contacter \u00e0 l\u2019adresse suivante :<\/p>\n<ul style=\"text-align: justify;\">\n<li><strong>E-mail<\/strong> : <a rel=\"noopener\">fqs@fqsbattery.com<\/a><\/li>\n<li><strong>T\u00e9l\u00e9phone<\/strong> : 954 518 882<\/li>\n<li><strong>Adresse<\/strong> : Pol\u00edgono Industrial La Negrilla, Calle Laminadora 36, 41016 S\u00e9ville<\/li>\n<\/ul>\n<p style=\"text-align: justify;\"><strong>Derni\u00e8re mise \u00e0 jour<\/strong> : 07\/11\/2024<\/p>\n\t\t\t\t\t\t\t\t<\/div>\n\t\t\t\t<\/div>\n\t\t\t\t\t<\/div>\n\t\t\t\t<\/div>\n\t\t\t\t<\/div>\n\t\t","protected":false},"excerpt":{"rendered":"<p>Sur le site web de FQS Battery (fqsbattery.com), nous utilisons des cookies pour optimiser votre exp\u00e9rience et personnaliser le contenu que nous proposons. Nous vous expliquons ci-dessous ce que sont les cookies, quels types de cookies nous utilisons et comment&hellip;<\/p>\n","protected":false},"author":3,"featured_media":0,"parent":0,"menu_order":0,"comment_status":"closed","ping_status":"closed","template":"","meta":{"footnotes":""},"class_list":["post-10195","page","type-page","status-publish","hentry"],"yoast_head":"<!-- This site is optimized with the Yoast SEO plugin v27.3 - https:\/\/yoast.com\/product\/yoast-seo-wordpress\/ -->\n<title>Politique relative aux cookies - FQS BATTERY<\/title>\n<meta name=\"robots\" content=\"index, follow, max-snippet:-1, max-image-preview:large, max-video-preview:-1\" \/>\n<link rel=\"canonical\" href=\"https:\/\/fqsbattery.com\/fr\/politica-cookies\/\" \/>\n<meta property=\"og:locale\" content=\"fr_FR\" \/>\n<meta property=\"og:type\" content=\"article\" \/>\n<meta property=\"og:title\" content=\"Politique relative aux cookies - FQS BATTERY\" \/>\n<meta property=\"og:description\" content=\"Sur le site web de FQS Battery (fqsbattery.com), nous utilisons des cookies pour optimiser votre exp\u00e9rience et personnaliser le contenu que nous proposons. Nous vous expliquons ci-dessous ce que sont les cookies, quels types de cookies nous utilisons et comment&hellip;\" \/>\n<meta property=\"og:url\" content=\"https:\/\/fqsbattery.com\/fr\/politica-cookies\/\" \/>\n<meta property=\"og:site_name\" content=\"FQS BATTERY\" \/>\n<meta property=\"article:publisher\" content=\"https:\/\/www.facebook.com\/fqsbattery\/\" \/>\n<meta property=\"article:modified_time\" content=\"2026-03-03T09:40:37+00:00\" \/>\n<meta property=\"og:image\" content=\"https:\/\/fqsbattery.com\/wp-content\/uploads\/2024\/10\/WEB.jpg\" \/>\n\t<meta property=\"og:image:width\" content=\"1200\" \/>\n\t<meta property=\"og:image:height\" content=\"675\" \/>\n\t<meta property=\"og:image:type\" content=\"image\/jpeg\" \/>\n<meta name=\"twitter:card\" content=\"summary_large_image\" \/>\n<meta name=\"twitter:label1\" content=\"Dur\u00e9e de lecture estim\u00e9e\" \/>\n\t<meta name=\"twitter:data1\" content=\"3 minutes\" \/>\n<script type=\"application\/ld+json\" class=\"yoast-schema-graph\">{\"@context\":\"https:\\\/\\\/schema.org\",\"@graph\":[{\"@type\":\"WebPage\",\"@id\":\"https:\\\/\\\/fqsbattery.com\\\/fr\\\/politica-cookies\\\/\",\"url\":\"https:\\\/\\\/fqsbattery.com\\\/fr\\\/politica-cookies\\\/\",\"name\":\"Politique relative aux cookies - FQS BATTERY\",\"isPartOf\":{\"@id\":\"https:\\\/\\\/fqsbattery.com\\\/fr\\\/#website\"},\"datePublished\":\"2024-11-06T09:05:49+00:00\",\"dateModified\":\"2026-03-03T09:40:37+00:00\",\"breadcrumb\":{\"@id\":\"https:\\\/\\\/fqsbattery.com\\\/fr\\\/politica-cookies\\\/#breadcrumb\"},\"inLanguage\":\"fr-FR\",\"potentialAction\":[{\"@type\":\"ReadAction\",\"target\":[\"https:\\\/\\\/fqsbattery.com\\\/fr\\\/politica-cookies\\\/\"]}]},{\"@type\":\"BreadcrumbList\",\"@id\":\"https:\\\/\\\/fqsbattery.com\\\/fr\\\/politica-cookies\\\/#breadcrumb\",\"itemListElement\":[{\"@type\":\"ListItem\",\"position\":1,\"name\":\"Accueil\",\"item\":\"https:\\\/\\\/fqsbattery.com\\\/fr\\\/\"},{\"@type\":\"ListItem\",\"position\":2,\"name\":\"Politique relative aux cookies\"}]},{\"@type\":\"WebSite\",\"@id\":\"https:\\\/\\\/fqsbattery.com\\\/fr\\\/#website\",\"url\":\"https:\\\/\\\/fqsbattery.com\\\/fr\\\/\",\"name\":\"FQS BATTERY\",\"description\":\"\u00c9nergie pour tous types d\u2019applications\",\"publisher\":{\"@id\":\"https:\\\/\\\/fqsbattery.com\\\/fr\\\/#organization\"},\"potentialAction\":[{\"@type\":\"SearchAction\",\"target\":{\"@type\":\"EntryPoint\",\"urlTemplate\":\"https:\\\/\\\/fqsbattery.com\\\/fr\\\/?s={search_term_string}\"},\"query-input\":{\"@type\":\"PropertyValueSpecification\",\"valueRequired\":true,\"valueName\":\"search_term_string\"}}],\"inLanguage\":\"fr-FR\"},{\"@type\":\"Organization\",\"@id\":\"https:\\\/\\\/fqsbattery.com\\\/fr\\\/#organization\",\"name\":\"FQS BATTERY\",\"url\":\"https:\\\/\\\/fqsbattery.com\\\/fr\\\/\",\"logo\":{\"@type\":\"ImageObject\",\"inLanguage\":\"fr-FR\",\"@id\":\"https:\\\/\\\/fqsbattery.com\\\/fr\\\/#\\\/schema\\\/logo\\\/image\\\/\",\"url\":\"https:\\\/\\\/fqsbattery.com\\\/wp-content\\\/uploads\\\/2024\\\/08\\\/cropped-fqs-favicon.jpg\",\"contentUrl\":\"https:\\\/\\\/fqsbattery.com\\\/wp-content\\\/uploads\\\/2024\\\/08\\\/cropped-fqs-favicon.jpg\",\"width\":512,\"height\":512,\"caption\":\"FQS BATTERY\"},\"image\":{\"@id\":\"https:\\\/\\\/fqsbattery.com\\\/fr\\\/#\\\/schema\\\/logo\\\/image\\\/\"},\"sameAs\":[\"https:\\\/\\\/www.facebook.com\\\/fqsbattery\\\/\",\"https:\\\/\\\/www.linkedin.com\\\/company\\\/72671029\\\/\",\"https:\\\/\\\/www.instagram.com\\\/fqsbattery\\\/\"]}]}<\/script>\n<!-- \/ Yoast SEO plugin. -->","yoast_head_json":{"title":"Politique relative aux cookies - FQS BATTERY","robots":{"index":"index","follow":"follow","max-snippet":"max-snippet:-1","max-image-preview":"max-image-preview:large","max-video-preview":"max-video-preview:-1"},"canonical":"https:\/\/fqsbattery.com\/fr\/politica-cookies\/","og_locale":"fr_FR","og_type":"article","og_title":"Politique relative aux cookies - FQS BATTERY","og_description":"Sur le site web de FQS Battery (fqsbattery.com), nous utilisons des cookies pour optimiser votre exp\u00e9rience et personnaliser le contenu que nous proposons. Nous vous expliquons ci-dessous ce que sont les cookies, quels types de cookies nous utilisons et comment&hellip;","og_url":"https:\/\/fqsbattery.com\/fr\/politica-cookies\/","og_site_name":"FQS BATTERY","article_publisher":"https:\/\/www.facebook.com\/fqsbattery\/","article_modified_time":"2026-03-03T09:40:37+00:00","og_image":[{"width":1200,"height":675,"url":"https:\/\/fqsbattery.com\/wp-content\/uploads\/2024\/10\/WEB.jpg","type":"image\/jpeg"}],"twitter_card":"summary_large_image","twitter_misc":{"Dur\u00e9e de lecture estim\u00e9e":"3 minutes"},"schema":{"@context":"https:\/\/schema.org","@graph":[{"@type":"WebPage","@id":"https:\/\/fqsbattery.com\/fr\/politica-cookies\/","url":"https:\/\/fqsbattery.com\/fr\/politica-cookies\/","name":"Politique relative aux cookies - FQS BATTERY","isPartOf":{"@id":"https:\/\/fqsbattery.com\/fr\/#website"},"datePublished":"2024-11-06T09:05:49+00:00","dateModified":"2026-03-03T09:40:37+00:00","breadcrumb":{"@id":"https:\/\/fqsbattery.com\/fr\/politica-cookies\/#breadcrumb"},"inLanguage":"fr-FR","potentialAction":[{"@type":"ReadAction","target":["https:\/\/fqsbattery.com\/fr\/politica-cookies\/"]}]},{"@type":"BreadcrumbList","@id":"https:\/\/fqsbattery.com\/fr\/politica-cookies\/#breadcrumb","itemListElement":[{"@type":"ListItem","position":1,"name":"Accueil","item":"https:\/\/fqsbattery.com\/fr\/"},{"@type":"ListItem","position":2,"name":"Politique relative aux cookies"}]},{"@type":"WebSite","@id":"https:\/\/fqsbattery.com\/fr\/#website","url":"https:\/\/fqsbattery.com\/fr\/","name":"FQS BATTERY","description":"\u00c9nergie pour tous types d\u2019applications","publisher":{"@id":"https:\/\/fqsbattery.com\/fr\/#organization"},"potentialAction":[{"@type":"SearchAction","target":{"@type":"EntryPoint","urlTemplate":"https:\/\/fqsbattery.com\/fr\/?s={search_term_string}"},"query-input":{"@type":"PropertyValueSpecification","valueRequired":true,"valueName":"search_term_string"}}],"inLanguage":"fr-FR"},{"@type":"Organization","@id":"https:\/\/fqsbattery.com\/fr\/#organization","name":"FQS BATTERY","url":"https:\/\/fqsbattery.com\/fr\/","logo":{"@type":"ImageObject","inLanguage":"fr-FR","@id":"https:\/\/fqsbattery.com\/fr\/#\/schema\/logo\/image\/","url":"https:\/\/fqsbattery.com\/wp-content\/uploads\/2024\/08\/cropped-fqs-favicon.jpg","contentUrl":"https:\/\/fqsbattery.com\/wp-content\/uploads\/2024\/08\/cropped-fqs-favicon.jpg","width":512,"height":512,"caption":"FQS BATTERY"},"image":{"@id":"https:\/\/fqsbattery.com\/fr\/#\/schema\/logo\/image\/"},"sameAs":["https:\/\/www.facebook.com\/fqsbattery\/","https:\/\/www.linkedin.com\/company\/72671029\/","https:\/\/www.instagram.com\/fqsbattery\/"]}]}},"_links":{"self":[{"href":"https:\/\/fqsbattery.com\/fr\/wp-json\/wp\/v2\/pages\/10195","targetHints":{"allow":["GET"]}}],"collection":[{"href":"https:\/\/fqsbattery.com\/fr\/wp-json\/wp\/v2\/pages"}],"about":[{"href":"https:\/\/fqsbattery.com\/fr\/wp-json\/wp\/v2\/types\/page"}],"author":[{"embeddable":true,"href":"https:\/\/fqsbattery.com\/fr\/wp-json\/wp\/v2\/users\/3"}],"replies":[{"embeddable":true,"href":"https:\/\/fqsbattery.com\/fr\/wp-json\/wp\/v2\/comments?post=10195"}],"version-history":[{"count":3,"href":"https:\/\/fqsbattery.com\/fr\/wp-json\/wp\/v2\/pages\/10195\/revisions"}],"predecessor-version":[{"id":10198,"href":"https:\/\/fqsbattery.com\/fr\/wp-json\/wp\/v2\/pages\/10195\/revisions\/10198"}],"wp:attachment":[{"href":"https:\/\/fqsbattery.com\/fr\/wp-json\/wp\/v2\/media?parent=10195"}],"curies":[{"name":"wp","href":"https:\/\/api.w.org\/{rel}","templated":true}]}}